{"id":644,"date":"2024-01-25T09:45:32","date_gmt":"2024-01-25T08:45:32","guid":{"rendered":"https:\/\/ruapapel.com\/?page_id=644"},"modified":"2024-01-25T09:47:09","modified_gmt":"2024-01-25T08:47:09","slug":"politica-de-cookies","status":"publish","type":"page","link":"https:\/\/ruapapel.com\/en\/politica-de-cookies\/","title":{"rendered":"Cookie policy"},"content":{"rendered":"<div data-elementor-type=\"wp-page\" data-elementor-id=\"644\" class=\"elementor elementor-644\" data-elementor-post-type=\"page\">\n\t\t\t\t\t\t<\/div>","protected":false},"excerpt":{"rendered":"<p>Personalizar las cookies durante la navegaci\u00f3n Es posible personalizar el uso de las cookies que utilizamos durante tu navegaci\u00f3n. Podr\u00e1s hacerlo aqui. \u00bfQu\u00e9 son las cookies? Se trata de unos ficheros, que una vez instalados en tu navegador hacen posible recopilar informaci\u00f3n relativa a las p\u00e1ginas que se visitan, el tiempo de conexi\u00f3n y tienen [&hellip;]<\/p>\n","protected":false},"author":1,"featured_media":0,"parent":0,"menu_order":0,"comment_status":"closed","ping_status":"closed","template":"elementor_header_footer","meta":{"footnotes":""},"class_list":["post-644","page","type-page","status-publish","hentry"],"_links":{"self":[{"href":"https:\/\/ruapapel.com\/en\/wp-json\/wp\/v2\/pages\/644","targetHints":{"allow":["GET"]}}],"collection":[{"href":"https:\/\/ruapapel.com\/en\/wp-json\/wp\/v2\/pages"}],"about":[{"href":"https:\/\/ruapapel.com\/en\/wp-json\/wp\/v2\/types\/page"}],"author":[{"embeddable":true,"href":"https:\/\/ruapapel.com\/en\/wp-json\/wp\/v2\/users\/1"}],"replies":[{"embeddable":true,"href":"https:\/\/ruapapel.com\/en\/wp-json\/wp\/v2\/comments?post=644"}],"version-history":[{"count":10,"href":"https:\/\/ruapapel.com\/en\/wp-json\/wp\/v2\/pages\/644\/revisions"}],"predecessor-version":[{"id":655,"href":"https:\/\/ruapapel.com\/en\/wp-json\/wp\/v2\/pages\/644\/revisions\/655"}],"wp:attachment":[{"href":"https:\/\/ruapapel.com\/en\/wp-json\/wp\/v2\/media?parent=644"}],"curies":[{"name":"wp","href":"https:\/\/api.w.org\/{rel}","templated":true}]}}