{"id":52,"date":"2023-12-17T21:30:05","date_gmt":"2023-12-17T21:30:05","guid":{"rendered":"https:\/\/ruapapel.webmiro.es\/?page_id=36"},"modified":"2024-09-23T10:53:29","modified_gmt":"2024-09-23T08:53:29","slug":"nosotros","status":"publish","type":"page","link":"https:\/\/ruapapel.com\/en\/nosotros\/","title":{"rendered":"The Company"},"content":{"rendered":"\t\t<div data-elementor-type=\"wp-page\" data-elementor-id=\"52\" class=\"elementor elementor-52\" data-elementor-post-type=\"page\">\n\t\t\t\t\t\t<section class=\"elementor-section elementor-top-section elementor-element elementor-element-f41d29e elementor-section-height-min-height elementor-section-boxed elementor-section-height-default elementor-section-items-middle\" data-id=\"f41d29e\" data-element_type=\"section\" data-e-type=\"section\" data-settings=\"{&quot;background_background&quot;:&quot;slideshow&quot;,&quot;background_slideshow_gallery&quot;:[{&quot;id&quot;:443,&quot;url&quot;:&quot;https:\\\/\\\/ruapapel.com\\\/wp-content\\\/uploads\\\/2024\\\/01\\\/SLIDE_RUA_PAPEL_NOSOTROS_SEDE.jpg&quot;},{&quot;id&quot;:442,&quot;url&quot;:&quot;https:\\\/\\\/ruapapel.com\\\/wp-content\\\/uploads\\\/2024\\\/01\\\/SLIDE_RUA_PAPEL_NOSOTROS_CONTENEDOR.jpg&quot;}],&quot;background_slideshow_loop&quot;:&quot;yes&quot;,&quot;background_slideshow_slide_duration&quot;:5000,&quot;background_slideshow_slide_transition&quot;:&quot;fade&quot;,&quot;background_slideshow_transition_duration&quot;:500}\">\n\t\t\t\t\t\t<div class=\"elementor-container elementor-column-gap-default\">\n\t\t\t\t\t<div class=\"elementor-column elementor-col-100 elementor-top-column elementor-element elementor-element-c4f697e\" data-id=\"c4f697e\" data-element_type=\"column\" data-e-type=\"column\">\n\t\t\t<div class=\"elementor-widget-wrap\">\n\t\t\t\t\t\t\t<\/div>\n\t\t<\/div>\n\t\t\t\t\t<\/div>\n\t\t<\/section>\n\t\t\t\t<section class=\"elementor-section elementor-top-section elementor-element elementor-element-023ca8d elementor-section-boxed elementor-section-height-default elementor-section-height-default\" data-id=\"023ca8d\" data-element_type=\"section\" data-e-type=\"section\" data-settings=\"{&quot;background_background&quot;:&quot;classic&quot;}\">\n\t\t\t\t\t\t<div class=\"elementor-container elementor-column-gap-default\">\n\t\t\t\t\t<div class=\"elementor-column elementor-col-100 elementor-top-column elementor-element elementor-element-873fa87\" data-id=\"873fa87\" data-element_type=\"column\" data-e-type=\"column\">\n\t\t\t<div class=\"elementor-widget-wrap elementor-element-populated\">\n\t\t\t\t\t\t<div class=\"elementor-element elementor-element-a4642a4 elementor-widget elementor-widget-text-editor\" data-id=\"a4642a4\" data-element_type=\"widget\" data-e-type=\"widget\" data-widget_type=\"text-editor.default\">\n\t\t\t\t<div class=\"elementor-widget-container\">\n\t\t\t\t\t\t\t\t\t<strong>RUA PAPEL,<\/strong>\u00a0<span style=\"color: red\">expertos en:<\/span>\t\t\t\t\t\t\t\t<\/div>\n\t\t\t\t<\/div>\n\t\t\t\t<div class=\"elementor-element elementor-element-c3b3c1c elementor-icon-list--layout-inline elementor-list-item-link-inline elementor-align-center elementor-mobile-align-start elementor-widget elementor-widget-icon-list\" data-id=\"c3b3c1c\" data-element_type=\"widget\" data-e-type=\"widget\" data-widget_type=\"icon-list.default\">\n\t\t\t\t<div class=\"elementor-widget-container\">\n\t\t\t\t\t\t\t<ul class=\"elementor-icon-list-items elementor-inline-items\">\n\t\t\t\t\t\t\t<li class=\"elementor-icon-list-item elementor-inline-item\">\n\t\t\t\t\t\t\t\t\t\t\t<span class=\"elementor-icon-list-icon\">\n\t\t\t\t\t\t\t<svg aria-hidden=\"true\" class=\"e-font-icon-svg e-fas-check-circle\" viewBox=\"0 0 512 512\" xmlns=\"http:\/\/www.w3.org\/2000\/svg\"><path d=\"M504 256c0 136.967-111.033 248-248 248S8 392.967 8 256 119.033 8 256 8s248 111.033 248 248zM227.314 387.314l184-184c6.248-6.248 6.248-16.379 0-22.627l-22.627-22.627c-6.248-6.249-16.379-6.249-22.628 0L216 308.118l-70.059-70.059c-6.248-6.248-16.379-6.248-22.628 0l-22.627 22.627c-6.248 6.248-6.248 16.379 0 22.627l104 104c6.249 6.249 16.379 6.249 22.628.001z\"><\/path><\/svg>\t\t\t\t\t\t<\/span>\n\t\t\t\t\t\t\t\t\t\t<span class=\"elementor-icon-list-text\">Gesti\u00f3n de residuos<\/span>\n\t\t\t\t\t\t\t\t\t<\/li>\n\t\t\t\t\t\t\t\t<li class=\"elementor-icon-list-item elementor-inline-item\">\n\t\t\t\t\t\t\t\t\t\t\t<span class=\"elementor-icon-list-icon\">\n\t\t\t\t\t\t\t<svg aria-hidden=\"true\" class=\"e-font-icon-svg e-fas-check-circle\" viewBox=\"0 0 512 512\" xmlns=\"http:\/\/www.w3.org\/2000\/svg\"><path d=\"M504 256c0 136.967-111.033 248-248 248S8 392.967 8 256 119.033 8 256 8s248 111.033 248 248zM227.314 387.314l184-184c6.248-6.248 6.248-16.379 0-22.627l-22.627-22.627c-6.248-6.249-16.379-6.249-22.628 0L216 308.118l-70.059-70.059c-6.248-6.248-16.379-6.248-22.628 0l-22.627 22.627c-6.248 6.248-6.248 16.379 0 22.627l104 104c6.249 6.249 16.379 6.249 22.628.001z\"><\/path><\/svg>\t\t\t\t\t\t<\/span>\n\t\t\t\t\t\t\t\t\t\t<span class=\"elementor-icon-list-text\">Valorizaci\u00f3n de residuos<\/span>\n\t\t\t\t\t\t\t\t\t<\/li>\n\t\t\t\t\t\t\t\t<li class=\"elementor-icon-list-item elementor-inline-item\">\n\t\t\t\t\t\t\t\t\t\t\t<span class=\"elementor-icon-list-icon\">\n\t\t\t\t\t\t\t<svg aria-hidden=\"true\" class=\"e-font-icon-svg e-fas-check-circle\" viewBox=\"0 0 512 512\" xmlns=\"http:\/\/www.w3.org\/2000\/svg\"><path d=\"M504 256c0 136.967-111.033 248-248 248S8 392.967 8 256 119.033 8 256 8s248 111.033 248 248zM227.314 387.314l184-184c6.248-6.248 6.248-16.379 0-22.627l-22.627-22.627c-6.248-6.249-16.379-6.249-22.628 0L216 308.118l-70.059-70.059c-6.248-6.248-16.379-6.248-22.628 0l-22.627 22.627c-6.248 6.248-6.248 16.379 0 22.627l104 104c6.249 6.249 16.379 6.249 22.628.001z\"><\/path><\/svg>\t\t\t\t\t\t<\/span>\n\t\t\t\t\t\t\t\t\t\t<span class=\"elementor-icon-list-text\">Producto reciclado<\/span>\n\t\t\t\t\t\t\t\t\t<\/li>\n\t\t\t\t\t\t<\/ul>\n\t\t\t\t\t\t<\/div>\n\t\t\t\t<\/div>\n\t\t\t\t\t<\/div>\n\t\t<\/div>\n\t\t\t\t\t<\/div>\n\t\t<\/section>\n\t\t\t\t<section class=\"elementor-section elementor-top-section elementor-element elementor-element-1dbfe8f elementor-section-boxed elementor-section-height-default elementor-section-height-default\" data-id=\"1dbfe8f\" data-element_type=\"section\" data-e-type=\"section\">\n\t\t\t\t\t\t<div class=\"elementor-container elementor-column-gap-default\">\n\t\t\t\t\t<div class=\"elementor-column elementor-col-100 elementor-top-column elementor-element elementor-element-9f4df40\" data-id=\"9f4df40\" data-element_type=\"column\" data-e-type=\"column\">\n\t\t\t<div class=\"elementor-widget-wrap elementor-element-populated\">\n\t\t\t\t\t\t<div class=\"elementor-element elementor-element-1732a15 elementor-widget elementor-widget-spacer\" data-id=\"1732a15\" data-element_type=\"widget\" data-e-type=\"widget\" data-widget_type=\"spacer.default\">\n\t\t\t\t<div class=\"elementor-widget-container\">\n\t\t\t\t\t\t\t<div class=\"elementor-spacer\">\n\t\t\t<div class=\"elementor-spacer-inner\"><\/div>\n\t\t<\/div>\n\t\t\t\t\t\t<\/div>\n\t\t\t\t<\/div>\n\t\t\t\t\t<\/div>\n\t\t<\/div>\n\t\t\t\t\t<\/div>\n\t\t<\/section>\n\t\t\t\t<section class=\"elementor-section elementor-top-section elementor-element elementor-element-2d7b8ed elementor-section-boxed elementor-section-height-default elementor-section-height-default\" data-id=\"2d7b8ed\" data-element_type=\"section\" data-e-type=\"section\">\n\t\t\t\t\t\t<div class=\"elementor-container elementor-column-gap-default\">\n\t\t\t\t\t<div class=\"elementor-column elementor-col-100 elementor-top-column elementor-element elementor-element-8af8af8\" data-id=\"8af8af8\" data-element_type=\"column\" data-e-type=\"column\">\n\t\t\t<div class=\"elementor-widget-wrap elementor-element-populated\">\n\t\t\t\t\t\t<section class=\"elementor-section elementor-inner-section elementor-element elementor-element-e57acf7 elementor-section-boxed elementor-section-height-default elementor-section-height-default\" data-id=\"e57acf7\" data-element_type=\"section\" data-e-type=\"section\">\n\t\t\t\t\t\t<div class=\"elementor-container elementor-column-gap-default\">\n\t\t\t\t\t<div class=\"elementor-column elementor-col-50 elementor-inner-column elementor-element elementor-element-c1bb280\" data-id=\"c1bb280\" data-element_type=\"column\" data-e-type=\"column\">\n\t\t\t<div class=\"elementor-widget-wrap elementor-element-populated\">\n\t\t\t\t\t\t<div class=\"elementor-element elementor-element-43c3c33 elementor-widget elementor-widget-image\" data-id=\"43c3c33\" data-element_type=\"widget\" data-e-type=\"widget\" data-widget_type=\"image.default\">\n\t\t\t\t<div class=\"elementor-widget-container\">\n\t\t\t\t\t\t\t\t\t\t\t\t\t\t\t<img fetchpriority=\"high\" decoding=\"async\" width=\"380\" height=\"272\" src=\"https:\/\/ruapapel.com\/wp-content\/uploads\/2024\/01\/RUA_PAPEL_-RESIDUOS_NOSOTROS_IPAD-380x272-1.jpg\" class=\"attachment-large size-large wp-image-800\" alt=\"\" srcset=\"https:\/\/ruapapel.com\/wp-content\/uploads\/2024\/01\/RUA_PAPEL_-RESIDUOS_NOSOTROS_IPAD-380x272-1.jpg 380w, https:\/\/ruapapel.com\/wp-content\/uploads\/2024\/01\/RUA_PAPEL_-RESIDUOS_NOSOTROS_IPAD-380x272-1-300x215.jpg 300w, https:\/\/ruapapel.com\/wp-content\/uploads\/2024\/01\/RUA_PAPEL_-RESIDUOS_NOSOTROS_IPAD-380x272-1-18x12.jpg 18w\" sizes=\"(max-width: 380px) 100vw, 380px\" \/>\t\t\t\t\t\t\t\t\t\t\t\t\t\t\t<\/div>\n\t\t\t\t<\/div>\n\t\t\t\t\t<\/div>\n\t\t<\/div>\n\t\t\t\t<div class=\"elementor-column elementor-col-50 elementor-inner-column elementor-element elementor-element-47ee1b8\" data-id=\"47ee1b8\" data-element_type=\"column\" data-e-type=\"column\">\n\t\t\t<div class=\"elementor-widget-wrap elementor-element-populated\">\n\t\t\t\t\t\t<div class=\"elementor-element elementor-element-f72580d elementor-widget elementor-widget-heading\" data-id=\"f72580d\" data-element_type=\"widget\" data-e-type=\"widget\" data-widget_type=\"heading.default\">\n\t\t\t\t<div class=\"elementor-widget-container\">\n\t\t\t\t\t<h2 class=\"elementor-heading-title elementor-size-default\">EXPERIENCIA Y PROFESIONALIDAD<\/h2>\t\t\t\t<\/div>\n\t\t\t\t<\/div>\n\t\t\t\t<div class=\"elementor-element elementor-element-2fc441f elementor-widget elementor-widget-text-editor\" data-id=\"2fc441f\" data-element_type=\"widget\" data-e-type=\"widget\" data-widget_type=\"text-editor.default\">\n\t\t\t\t<div class=\"elementor-widget-container\">\n\t\t\t\t\t\t\t\t\t<p>Desde principios de los a\u00f1os cuarenta la familia Rua se dedica a la gesti\u00f3n y recuperaci\u00f3n de papel y cart\u00f3n. En un inicio, la empresa estaba formada \u00fanicamente por dos personas y un carro de mano. Tras muchos a\u00f1os de duro esfuerzo y una acertada evoluci\u00f3n acorde con los cambios del mercado, se cre\u00f3 la sociedad\u00a0<strong>Rua Papel Gesti\u00f3n S.L.<\/strong>, una empresa familiar preparada para afrontar nuevos retos de futuro. Adem\u00e1s de papel y cart\u00f3n, ampliamos la actividad a residuos pl\u00e1sticos, metales, madera y otros residuos industriales.<\/p><p>En la actualidad,\u00a0<strong>Rua Papel Gesti\u00f3n S.L.<\/strong>\u00a0es una empresa reconocida por la gran\u00a0<strong>calidad de sus productos y servicios<\/strong>, con presencia activa en distintos\u00a0<strong>pa\u00edses europeos y asi\u00e1ticos<\/strong>, donde comercializamos gran parte de nuestros productos desde nuestras\u00a0<strong>plantas de Sant Andreu de la Barca, Castellbisbal y Barcelona<\/strong>. Para ello nos apoyamos en un equipo directivo con gran experiencia en todas las \u00e1reas de la empresa, que lidera nuestro proyecto con ilusi\u00f3n, y en unos trabajadores fuertemente comprometidos con la empresa, alguno de los cuales llevan aportando su experiencia a la familia\u00a0<strong>desde hace 40 a\u00f1os<\/strong>.<\/p>\t\t\t\t\t\t\t\t<\/div>\n\t\t\t\t<\/div>\n\t\t\t\t\t<\/div>\n\t\t<\/div>\n\t\t\t\t\t<\/div>\n\t\t<\/section>\n\t\t\t\t<section class=\"elementor-section elementor-inner-section elementor-element elementor-element-13d9a68 elementor-section-boxed elementor-section-height-default elementor-section-height-default\" data-id=\"13d9a68\" data-element_type=\"section\" data-e-type=\"section\">\n\t\t\t\t\t\t<div class=\"elementor-container elementor-column-gap-default\">\n\t\t\t\t\t<div class=\"elementor-column elementor-col-50 elementor-inner-column elementor-element elementor-element-e3e436c\" data-id=\"e3e436c\" data-element_type=\"column\" data-e-type=\"column\">\n\t\t\t<div class=\"elementor-widget-wrap elementor-element-populated\">\n\t\t\t\t\t\t<div class=\"elementor-element elementor-element-10c10da elementor-widget elementor-widget-image\" data-id=\"10c10da\" data-element_type=\"widget\" data-e-type=\"widget\" data-widget_type=\"image.default\">\n\t\t\t\t<div class=\"elementor-widget-container\">\n\t\t\t\t\t\t\t\t\t\t\t\t\t\t\t<img decoding=\"async\" width=\"320\" height=\"202\" src=\"https:\/\/ruapapel.com\/wp-content\/uploads\/2024\/01\/RUA_PAPEL_GESTION_DE-RESIDUOS_NOSOTROS_SOSTENIBILIDAD-63x267-320x202-1.jpg\" class=\"attachment-large size-large wp-image-802\" alt=\"\" srcset=\"https:\/\/ruapapel.com\/wp-content\/uploads\/2024\/01\/RUA_PAPEL_GESTION_DE-RESIDUOS_NOSOTROS_SOSTENIBILIDAD-63x267-320x202-1.jpg 320w, https:\/\/ruapapel.com\/wp-content\/uploads\/2024\/01\/RUA_PAPEL_GESTION_DE-RESIDUOS_NOSOTROS_SOSTENIBILIDAD-63x267-320x202-1-300x189.jpg 300w, https:\/\/ruapapel.com\/wp-content\/uploads\/2024\/01\/RUA_PAPEL_GESTION_DE-RESIDUOS_NOSOTROS_SOSTENIBILIDAD-63x267-320x202-1-18x12.jpg 18w\" sizes=\"(max-width: 320px) 100vw, 320px\" \/>\t\t\t\t\t\t\t\t\t\t\t\t\t\t\t<\/div>\n\t\t\t\t<\/div>\n\t\t\t\t\t<\/div>\n\t\t<\/div>\n\t\t\t\t<div class=\"elementor-column elementor-col-50 elementor-inner-column elementor-element elementor-element-14c581b\" data-id=\"14c581b\" data-element_type=\"column\" data-e-type=\"column\">\n\t\t\t<div class=\"elementor-widget-wrap elementor-element-populated\">\n\t\t\t\t\t\t<div class=\"elementor-element elementor-element-541782d elementor-widget elementor-widget-heading\" data-id=\"541782d\" data-element_type=\"widget\" data-e-type=\"widget\" data-widget_type=\"heading.default\">\n\t\t\t\t<div class=\"elementor-widget-container\">\n\t\t\t\t\t<h2 class=\"elementor-heading-title elementor-size-default\">CERO PROBLEMAS, 100% SOLUCIONES<\/h2>\t\t\t\t<\/div>\n\t\t\t\t<\/div>\n\t\t\t\t<div class=\"elementor-element elementor-element-5b03583 elementor-widget elementor-widget-text-editor\" data-id=\"5b03583\" data-element_type=\"widget\" data-e-type=\"widget\" data-widget_type=\"text-editor.default\">\n\t\t\t\t<div class=\"elementor-widget-container\">\n\t\t\t\t\t\t\t\t\t<p>Hemos perfeccionado los procesos en nuestras\u00a0<strong>plantas de recuperaci\u00f3n de residuos,<\/strong>\u00a0de las m\u00e1s\u00a0<strong>innovadoras<\/strong>\u00a0de Espa\u00f1a, donde instalamos maquinaria de\u00a0<strong>\u00faltima generaci\u00f3n<\/strong>\u00a0que permite aumentar la capacidad de recogida, selecci\u00f3n, triturado y prensado del residuo, para convertirlo en materia prima secundaria y mejorar su gesti\u00f3n global, evitando que termine su ciclo en el vertedero, buscando el\u00a0<strong>objetivo de residuo cero<\/strong>. Con estos medios aportamos todas las\u00a0<strong>soluciones espec\u00edficas<\/strong>\u00a0para que los residuos no generen ning\u00fan problema\u00a0<strong>a nuestros clientes<\/strong><\/p>\t\t\t\t\t\t\t\t<\/div>\n\t\t\t\t<\/div>\n\t\t\t\t\t<\/div>\n\t\t<\/div>\n\t\t\t\t\t<\/div>\n\t\t<\/section>\n\t\t\t\t<section class=\"elementor-section elementor-inner-section elementor-element elementor-element-34b9c57 elementor-section-boxed elementor-section-height-default elementor-section-height-default\" data-id=\"34b9c57\" data-element_type=\"section\" data-e-type=\"section\">\n\t\t\t\t\t\t<div class=\"elementor-container elementor-column-gap-default\">\n\t\t\t\t\t<div class=\"elementor-column elementor-col-50 elementor-inner-column elementor-element elementor-element-452921e\" data-id=\"452921e\" data-element_type=\"column\" data-e-type=\"column\">\n\t\t\t<div class=\"elementor-widget-wrap elementor-element-populated\">\n\t\t\t\t\t\t<div class=\"elementor-element elementor-element-bd12b37 elementor-widget elementor-widget-image\" data-id=\"bd12b37\" data-element_type=\"widget\" data-e-type=\"widget\" data-widget_type=\"image.default\">\n\t\t\t\t<div class=\"elementor-widget-container\">\n\t\t\t\t\t\t\t\t\t\t\t\t\t\t\t<img decoding=\"async\" width=\"1000\" height=\"667\" src=\"https:\/\/ruapapel.com\/wp-content\/uploads\/2024\/02\/Jar-y-Yo-YU2H7670.jpg\" class=\"attachment-large size-large wp-image-919\" alt=\"\" srcset=\"https:\/\/ruapapel.com\/wp-content\/uploads\/2024\/02\/Jar-y-Yo-YU2H7670.jpg 1000w, https:\/\/ruapapel.com\/wp-content\/uploads\/2024\/02\/Jar-y-Yo-YU2H7670-300x200.jpg 300w, https:\/\/ruapapel.com\/wp-content\/uploads\/2024\/02\/Jar-y-Yo-YU2H7670-768x512.jpg 768w, https:\/\/ruapapel.com\/wp-content\/uploads\/2024\/02\/Jar-y-Yo-YU2H7670-18x12.jpg 18w\" sizes=\"(max-width: 1000px) 100vw, 1000px\" \/>\t\t\t\t\t\t\t\t\t\t\t\t\t\t\t<\/div>\n\t\t\t\t<\/div>\n\t\t\t\t\t<\/div>\n\t\t<\/div>\n\t\t\t\t<div class=\"elementor-column elementor-col-50 elementor-inner-column elementor-element elementor-element-6f89027\" data-id=\"6f89027\" data-element_type=\"column\" data-e-type=\"column\">\n\t\t\t<div class=\"elementor-widget-wrap elementor-element-populated\">\n\t\t\t\t\t\t<div class=\"elementor-element elementor-element-806f51f elementor-widget elementor-widget-heading\" data-id=\"806f51f\" data-element_type=\"widget\" data-e-type=\"widget\" data-widget_type=\"heading.default\">\n\t\t\t\t<div class=\"elementor-widget-container\">\n\t\t\t\t\t<h2 class=\"elementor-heading-title elementor-size-default\">RESPONSABILIDAD<\/h2>\t\t\t\t<\/div>\n\t\t\t\t<\/div>\n\t\t\t\t<div class=\"elementor-element elementor-element-456a7d5 elementor-widget elementor-widget-text-editor\" data-id=\"456a7d5\" data-element_type=\"widget\" data-e-type=\"widget\" data-widget_type=\"text-editor.default\">\n\t\t\t\t<div class=\"elementor-widget-container\">\n\t\t\t\t\t\t\t\t\t<p><strong>Rua Papel Gesti\u00f3n S.L.<\/strong>\u00a0ha adoptado un firme\u00a0<strong>compromiso con el medio ambiente<\/strong>: reciclamos para contribuir a la sostenibilidad del planeta. Estamos enfocados a proteger el medio ambiente minimizando los residuos y a mejorar la calidad de nuestros productos y servicios para reducir el impacto ambiental, por lo que cada a\u00f1o nos sometemos a las auditorias de mantenimiento de las\u00a0<strong>certificaciones ISO 14001:2008<\/strong>\u00a0(medioambiente) e\u00a0<strong>ISO 9001:2004<\/strong>\u00a0(calidad).<\/p><p>Somos\u00a0<strong>Socios fundadores de UdER<\/strong>\u00a0(Uni\u00f3n de Empresas de Recuperaci\u00f3n) empresa del sector con plantas de reciclaje en pr\u00e1cticamente todo el territorio espa\u00f1ol.<\/p><p>Rua Papel Gesti\u00f3n est\u00e1\u00a0<strong>autorizada por la Agencia Catalana de Residuos de la Generalitat de Catalunya<\/strong>\u00a0como gestora y transportista de residuos. Participamos activamente en distintas asociaciones empresariales desde las que promovemos el medioambiente y el desarrollo empresarial como\u00a0<strong>Repacar<\/strong>\u00a0(Asociaci\u00f3n Espa\u00f1ola de Recuperadores de Papel y Cart\u00f3n),\u00a0<strong>Pimec<\/strong>\u00a0(Micro, Petita i Mitjana Empresa de Catalunya),\u00a0<strong>Gremi de Recuperaci\u00f3 de Catalunya.<\/strong><\/p>\t\t\t\t\t\t\t\t<\/div>\n\t\t\t\t<\/div>\n\t\t\t\t\t<\/div>\n\t\t<\/div>\n\t\t\t\t\t<\/div>\n\t\t<\/section>\n\t\t\t\t\t<\/div>\n\t\t<\/div>\n\t\t\t\t\t<\/div>\n\t\t<\/section>\n\t\t\t\t<\/div>\n\t\t","protected":false},"excerpt":{"rendered":"<p>RUA PAPEL,\u00a0expertos en: Gesti\u00f3n de residuos Valorizaci\u00f3n de residuos Producto reciclado EXPERIENCIA Y PROFESIONALIDAD Desde principios de los a\u00f1os cuarenta la familia Rua se dedica a la gesti\u00f3n y recuperaci\u00f3n de papel y cart\u00f3n. En un inicio, la empresa estaba formada \u00fanicamente por dos personas y un carro de mano. Tras muchos a\u00f1os de duro [&hellip;]<\/p>\n","protected":false},"author":1,"featured_media":0,"parent":0,"menu_order":0,"comment_status":"closed","ping_status":"closed","template":"elementor_header_footer","meta":{"footnotes":""},"class_list":["post-52","page","type-page","status-publish","hentry"],"_links":{"self":[{"href":"https:\/\/ruapapel.com\/en\/wp-json\/wp\/v2\/pages\/52","targetHints":{"allow":["GET"]}}],"collection":[{"href":"https:\/\/ruapapel.com\/en\/wp-json\/wp\/v2\/pages"}],"about":[{"href":"https:\/\/ruapapel.com\/en\/wp-json\/wp\/v2\/types\/page"}],"author":[{"embeddable":true,"href":"https:\/\/ruapapel.com\/en\/wp-json\/wp\/v2\/users\/1"}],"replies":[{"embeddable":true,"href":"https:\/\/ruapapel.com\/en\/wp-json\/wp\/v2\/comments?post=52"}],"version-history":[{"count":21,"href":"https:\/\/ruapapel.com\/en\/wp-json\/wp\/v2\/pages\/52\/revisions"}],"predecessor-version":[{"id":1070,"href":"https:\/\/ruapapel.com\/en\/wp-json\/wp\/v2\/pages\/52\/revisions\/1070"}],"wp:attachment":[{"href":"https:\/\/ruapapel.com\/en\/wp-json\/wp\/v2\/media?parent=52"}],"curies":[{"name":"wp","href":"https:\/\/api.w.org\/{rel}","templated":true}]}}