{"id":1175,"date":"2024-12-05T09:15:45","date_gmt":"2024-12-05T08:15:45","guid":{"rendered":"https:\/\/ruapapel.com\/?page_id=1175"},"modified":"2024-12-09T08:47:00","modified_gmt":"2024-12-09T07:47:00","slug":"aviso-legal","status":"publish","type":"page","link":"https:\/\/ruapapel.com\/ca\/aviso-legal\/","title":{"rendered":"Av\u00eds legal"},"content":{"rendered":"<div data-elementor-type=\"wp-page\" data-elementor-id=\"1175\" class=\"elementor elementor-1175\" data-elementor-post-type=\"page\">\n\t\t\t\t\t\t<section class=\"elementor-section elementor-top-section elementor-element elementor-element-7b8a1b8b elementor-section-boxed elementor-section-height-default elementor-section-height-default\" data-id=\"7b8a1b8b\" data-element_type=\"section\" data-e-type=\"section\">\n\t\t\t\t\t\t<div class=\"elementor-container elementor-column-gap-default\">\n\t\t\t\t\t<div class=\"elementor-column elementor-col-100 elementor-top-column elementor-element elementor-element-ce11556\" data-id=\"ce11556\" data-element_type=\"column\" data-e-type=\"column\">\n\t\t\t<div class=\"elementor-widget-wrap elementor-element-populated\">\n\t\t\t\t\t\t<div class=\"elementor-element elementor-element-d8a8868 elementor-widget elementor-widget-heading\" data-id=\"d8a8868\" data-element_type=\"widget\" data-e-type=\"widget\" data-widget_type=\"heading.default\">\n\t\t\t\t<div class=\"elementor-widget-container\">\n\t\t\t\t\t<h2 class=\"elementor-heading-title elementor-size-default\">Av\u00eds legal\n\n<\/h2>\t\t\t\t<\/div>\n\t\t\t\t<\/div>\n\t\t\t\t<div class=\"elementor-element elementor-element-4e75c6e elementor-widget elementor-widget-heading\" data-id=\"4e75c6e\" data-element_type=\"widget\" data-e-type=\"widget\" data-widget_type=\"heading.default\">\n\t\t\t\t<div class=\"elementor-widget-container\">\n\t\t\t\t\t<h2 class=\"elementor-heading-title elementor-size-default\">\n\nAv\u00eds i Informaci\u00f3 Legal i la seva acceptaci\u00f3<\/h2>\t\t\t\t<\/div>\n\t\t\t\t<\/div>\n\t\t\t\t<div class=\"elementor-element elementor-element-4e582ec elementor-widget elementor-widget-text-editor\" data-id=\"4e582ec\" data-element_type=\"widget\" data-e-type=\"widget\" data-widget_type=\"text-editor.default\">\n\t\t\t\t<div class=\"elementor-widget-container\">\n\t\t\t\t\t\t\t\t\t<p>RUA PAPEL GESTION S.L., amb domicili en ctra. N-II Km. 592.2, 08740 Sant Andreu de la Barca ( BARCELONA), tel\u00e8fon 936828007, prove\u00efda de N.I.F. B60618709 inscrita al Registre Mercantil de Barcelona, tomo 27.364, foli 131 fulla  B,  inscripci\u00f3 10\u00aa (D'ara endavant \"RUA PAPEL\").<\/p><p>El present av\u00eds legal regula l'acc\u00e9s i l'\u00fas del servei del lloc web www.ruapapel.com (ara endavant, el \"Lloc web\") que RUA PAPEL posa a la disposici\u00f3 dels usuaris d'Internet interessats en els seus serveis i continguts relacionats amb _______________________________________(ara endavant, els \"Usuaris\").<\/p><p>Aquest lloc web compleix amb l'establert en la Llei 34\/2002, d'11 de juliol, de Serveis de la Societat de la Informaci\u00f3 i de Comer\u00e7 Electr\u00f2nic i amb la Llei Org\u00e0nica 15\/1999, de 13 de desembre, de Protecci\u00f3 de Dades de Car\u00e0cter Personal (*LOPD) i el reglament que la desenvolupa (RD 1720\/2007).<\/p><p>RUA PAPEL podr\u00e0 alterar en qualsevol moment i sense av\u00eds previ, el disseny, presentaci\u00f3 i\/o configuraci\u00f3 del Lloc web, aix\u00ed com alguns o tots els serveis, i afegir serveis nous.<\/p><p>La utilitzaci\u00f3 d'aquest Lloc web implica la plena acceptaci\u00f3 de les disposicions incloses en aquest Av\u00eds en la versi\u00f3 publicada per RUA PAPEL en el moment en qu\u00e8 l'Usuari accedeixi al Lloc web. Aix\u00ed mateix RUA PAPEL posa en coneixement dels Usuaris d'aquest Lloc web que aquestes Condicions Generals d'\u00das poden ser modificades sense notificaci\u00f3 pr\u00e8via. En conseq\u00fc\u00e8ncia l'Usuari ha de llegir atentament el present Av\u00eds Legal en cadascuna de les ocasions en qu\u00e8 es procedeixi a utilitzar el Lloc web, ja que aquell pot sofrir modificacions.<\/p><p>La utilitzaci\u00f3 de certs serveis oferts als Usuaris a trav\u00e9s del Lloc web poden trobar-se sotmeses a condicions particulars pr\u00f2pies que, segons els casos substitueixen, completen i\/o modifiquen les presents Condicions Generals d'\u00das. Per tant, amb anterioritat a la utilitzaci\u00f3 d'aquests serveis, l'Usuari tamb\u00e9 ha de llegir atentament i acceptar aix\u00ed mateix les corresponents condicions particulars pr\u00f2pies.<\/p>\t\t\t\t\t\t\t\t<\/div>\n\t\t\t\t<\/div>\n\t\t\t\t<div class=\"elementor-element elementor-element-a228461 elementor-widget elementor-widget-heading\" data-id=\"a228461\" data-element_type=\"widget\" data-e-type=\"widget\" data-widget_type=\"heading.default\">\n\t\t\t\t<div class=\"elementor-widget-container\">\n\t\t\t\t\t<h2 class=\"elementor-heading-title elementor-size-default\">\n\nProtecci\u00f3 de dades<\/h2>\t\t\t\t<\/div>\n\t\t\t\t<\/div>\n\t\t\t\t<div class=\"elementor-element elementor-element-4e0c1c7 elementor-widget elementor-widget-text-editor\" data-id=\"4e0c1c7\" data-element_type=\"widget\" data-e-type=\"widget\" data-widget_type=\"text-editor.default\">\n\t\t\t\t<div class=\"elementor-widget-container\">\n\t\t\t\t\t\t\t\t\t<p>En compliment de l'establert en la Llei Org\u00e0nica 15\/1999, de 13 de desembre, de Protecci\u00f3 de Dades de Car\u00e0cter Personal (LOPD), mitjan\u00e7ant aquest av\u00eds, RUA PAPEL informa a l'usuari (\"Usuari\") de les dades personals que li sol\u00b7licita, amb la finalitat de que els Usuaris determinin lliure i volunt\u00e0riament si desitgen facilitar a RUA PAPEL les dades personals (d'ara endavant \"Dades Personals\") que se'ls puguin requerir o que es puguin obtenir dels Usuaris en ocasi\u00f3 de la sol\u00b7licitud d'inscripci\u00f3 o d'informaci\u00f3 en el website explotat per RUA PAPEL allotjat en la URL www.ruapapel.com o dels serveis que es puguin contractar a trav\u00e9s d'aquest portal.<\/p><p>Les Dades Personals recollits seran objecte de tractament automatitzat i incorporats als corresponents fitxers per RUA PAPEL i inscrits en l'Ag\u00e8ncia Espanyola de Protecci\u00f3 de Dades, sent RUA PAPEL titular i responsable d'aquest fitxer (d'ara endavant, el \"Fitxer\"). Les dades facilitades poden ser utilitzats per poder informar-los dels nostres productes, novetats i\/o promocions. Amb aquest objecte, RUA PAPEL proporcionar\u00e0 als Usuaris els recursos t\u00e8cnics adequats perqu\u00e8, amb car\u00e0cter previ, puguin accedir a aquest av\u00eds sobre la Pol\u00edtica de Protecci\u00f3 de Dades o a qualsevol altra informaci\u00f3 rellevant i puguin prestar el seu consentiment a fi que en RUA PAPEL procedeixi al tractament de la seva Dades Personals.<\/p><p>L'usuari pot sol\u00b7licitar en qualsevol moment l'acc\u00e9s a les seves dades personals, aix\u00ed com a la seva rectificaci\u00f3, oposici\u00f3 i cancel\u00b7laci\u00f3, per a aix\u00f2 haur\u00e0 de dirigir-se per a RUA PAPEL: per correu ordinari a ctra. N-II Km. 592.2, 08740 Sant Andreu de la Barca ( BARCELONA)<\/p>\t\t\t\t\t\t\t\t<\/div>\n\t\t\t\t<\/div>\n\t\t\t\t<div class=\"elementor-element elementor-element-1b4ea4f elementor-widget elementor-widget-heading\" data-id=\"1b4ea4f\" data-element_type=\"widget\" data-e-type=\"widget\" data-widget_type=\"heading.default\">\n\t\t\t\t<div class=\"elementor-widget-container\">\n\t\t\t\t\t<h2 class=\"elementor-heading-title elementor-size-default\">\nCondicions d'\u00fas<\/h2>\t\t\t\t<\/div>\n\t\t\t\t<\/div>\n\t\t\t\t<div class=\"elementor-element elementor-element-8b9b44e elementor-widget elementor-widget-heading\" data-id=\"8b9b44e\" data-element_type=\"widget\" data-e-type=\"widget\" data-widget_type=\"heading.default\">\n\t\t\t\t<div class=\"elementor-widget-container\">\n\t\t\t\t\t<h2 class=\"elementor-heading-title elementor-size-default\">\nCondicions d'acc\u00e9s i utilitzaci\u00f3 del Lloc web<\/h2>\t\t\t\t<\/div>\n\t\t\t\t<\/div>\n\t\t\t\t<div class=\"elementor-element elementor-element-a221996 elementor-widget elementor-widget-text-editor\" data-id=\"a221996\" data-element_type=\"widget\" data-e-type=\"widget\" data-widget_type=\"text-editor.default\">\n\t\t\t\t<div class=\"elementor-widget-container\">\n\t\t\t\t\t\t\t\t\t<p>L'usuari es compromet a fer un \u00fas diligent del mateix i dels serveis accessibles des d'aquest Lloc web, amb total subjecci\u00f3 a la Llei, als bons costums i les presents Condicions Generals i, si escau, condicions particulars, aix\u00ed com mantenint el degut respecte als altres usuaris<\/p><p>Queda expressament prohibit qualsevol \u00fas diferent a la finalitat d'aquest Lloc web.<\/p><p>En aquest sentit, l'Usuari renunciar\u00e0 a utilitzar qualsevol dels materials i informacions continguts en aquest Lloc web amb finalitats il\u00b7l\u00edcites i expressament prohibits en les presents Condicions Generals d'\u00das aix\u00ed com a les condicions particulars que, si escau, s'habilitin que resultin contraris als drets i interessos de RUA PAPEL, els seus membres i\/o tercers, i haur\u00e0 de respondre enfront dels mateixos en cas de contravenir o incomplir aquestes obligacions i\/o que, de qualsevol manera (inclosa la introducci\u00f3 o difusi\u00f3 de \"virus inform\u00e0tics\"), danyi, inutilitzi, sobrecarregui, deteriori o impedeixi la normal utilitzaci\u00f3 dels materials i informacions continguts en el Lloc web, els sistemes d'informaci\u00f3 o els documents, arxius i tota classe de continguts emmagatzemats en qualsevol equip inform\u00e0tic (hacking) de RUA PAPEL, dels seus membres o de qualsevol Usuari del Lloc web.<\/p><p>Amb car\u00e0cter general la prestaci\u00f3 dels serveis no exigeix la pr\u00e8via subscripci\u00f3 o registre dels Usuaris. No obstant aix\u00f2, RUA PAPEL condiciona la utilitzaci\u00f3 d'alguns dels serveis al Previ emplenament del corresponent registre d'Usuari, seleccionant l'identificador (ID o login) i la contrasenya que l'Usuari es compromet a conservar i a usar amb la dilig\u00e8ncia deguda.<\/p><p>RUA PAPEL assignar\u00e0 l'identificador seleccionat per l'usuari sempre que no hagi estat pr\u00e8viament seleccionat per un altre Usuari. L'\u00fas de la contrasenya \u00e9s personal i intransferible, no estant permesa la cessi\u00f3, ni tan sols temporal, a tercers. En tal sentit, l'Usuari haur\u00e0 d'adoptar les mesures necess\u00e0ries per a la cust\u00f2dia de la contrasenya per ell seleccionada, evitant l'\u00fas de la mateixa per tercers. En conseq\u00fc\u00e8ncia, l'Usuari \u00e9s l'\u00fanic responsable de la utilitzaci\u00f3 que, de la seva contrasenya es realitzi, amb completa indemnitat per RUA PAPEL. En el cas que l'Usuari conegui o sospiti de l'\u00fas de la seva contrasenya per tercers haur\u00e0 de posar tal circumst\u00e0ncia en coneixement de RUA PAPEL al m\u00e9s aviat possible..<\/p><p>El citat registre s'efectuar\u00e0 en la forma expressament indicada en el propi servei o en les Condicions Particulars que, si escau, ho regulin.<\/p><p>Tota la informaci\u00f3 que faciliti l'Usuari a trav\u00e9s dels serveis haur\u00e0 de ser vera\u00e7. A aquests efectes, l'Usuari garanteix l'autenticitat de totes aquelles dades que comuniqui com a conseq\u00fc\u00e8ncia de l'emplenament dels formularis necessaris per a la subscripci\u00f3 dels Serveis.<\/p><p>De igual, forma, ser\u00e1 responsabilidad del Usuario mantener toda la informaci\u00f3n facilitada a RUA PAPEL permanentemente actualizada de forma que responda, en cada momento a la situaci\u00f3n real del Usuario. En todo caso el Usuario ser\u00e1 el \u00fanico responsable de las manifestaciones falsas o inexactas que realice y de los perjuicios que cause a RUA PAPEL o a terceros por la informaci\u00f3n que facilite.<\/p><p>De conformidad con la pol\u00edtica anti-spamming de RUA PAPEL el Usuario se obliga a abstenerse de utilizar y recabar datos a partir de listas de distribuci\u00f3n a las que se pueda acceder a trav\u00e9s de las informaciones y servicios contenidos en el Sitio Web para la realizaci\u00f3n de actividades con fines promocionales o publicitarios as\u00ed como de remitir comunicaciones comerciales de cualquier clase y a trav\u00e9s de cualquier soporte no solicitados ni previamente consentidos por RUA PAPEL y\/o los interesados. El Usuario que incumpla intencional o culpablemente cualquiera de las precedentes obligaciones responder\u00e1 de todos los da\u00f1os y perjuicios que cause.<\/p>\t\t\t\t\t\t\t\t<\/div>\n\t\t\t\t<\/div>\n\t\t\t\t<div class=\"elementor-element elementor-element-6d5d8e7 elementor-widget elementor-widget-heading\" data-id=\"6d5d8e7\" data-element_type=\"widget\" data-e-type=\"widget\" data-widget_type=\"heading.default\">\n\t\t\t\t<div class=\"elementor-widget-container\">\n\t\t\t\t\t<h2 class=\"elementor-heading-title elementor-size-default\">\nExclusi\u00f3 de garanties i responsabilitat<\/h2>\t\t\t\t<\/div>\n\t\t\t\t<\/div>\n\t\t\t\t<div class=\"elementor-element elementor-element-76dc2ed elementor-widget elementor-widget-text-editor\" data-id=\"76dc2ed\" data-element_type=\"widget\" data-e-type=\"widget\" data-widget_type=\"text-editor.default\">\n\t\t\t\t<div class=\"elementor-widget-container\">\n\t\t\t\t\t\t\t\t\t<p>Excepte en aquells casos expressament descrits en les Condicions Generals d'\u00das i la resta del marc normatiu, del Lloc web, RUA PAPEL no es responsabilitza pels danys i perjudicis de tota naturalesa que puguin deure's a la falta d'exactitud, exhaustivitat, actualitat, aix\u00ed com a errors o omissions dels quals poguessin emmalaltir les informacions i serveis continguts d'aquest Lloc web o altres continguts als quals es pugui accedir a trav\u00e9s del mateix ni assumeix cap deure o comprom\u00eds de verificar ni de vigilar els seus continguts i informacions.<\/p><p>Aix\u00ed mateix, RUA PAPEL no garanteix la disponibilitat, continu\u00eftat ni la infal\u00b7libilitat del funcionament del Lloc web, i en conseq\u00fc\u00e8ncia exclou, en la m\u00e0xima mesura permesa per la legislaci\u00f3 vigent, qualsevol responsabilitat pels danys i perjudicis de tota naturalesa que puguin deure's a la falta de disponibilitat o de continu\u00eftat del funcionament del Lloc web i dels serveis habilitats en el mateix, aix\u00ed com als errors en l'acc\u00e9s a les diferents p\u00e0gines web o a aquelles des de les quals, si escau, es prestin aquests serveis.<\/p><p>RUA PAPEL exclou qualsevol responsabilitat pels danys i perjudicis de tota \u00edndole que poguessin deure's als serveis prestats per tercers a trav\u00e9s d'aquest Lloc web aix\u00ed com als mitjans que aquests habiliten per gestionar les sol\u00b7licituds de servei, i concretament, a manera enunciativa i no limitatiu: pels actes de compet\u00e8ncia deslleial i publicitat il\u00b7l\u00edcita com a conseq\u00fc\u00e8ncia de la prestaci\u00f3 de serveis per tercers a trav\u00e9s del Lloc web, aix\u00ed com a la falta de veracitat, exactitud, exhaustivitat, vicis, defectes, pertin\u00e8ncia i\/o actualitat dels continguts transmesos, difosos, emmagatzemats, rebuts, obtinguts, posats a disposici\u00f3 o accessibles mitjan\u00e7ant els serveis prestats per tercers a trav\u00e9s d'aquest Lloc web.<\/p>\t\t\t\t\t\t\t\t<\/div>\n\t\t\t\t<\/div>\n\t\t\t\t<div class=\"elementor-element elementor-element-2d74a99 elementor-widget elementor-widget-heading\" data-id=\"2d74a99\" data-element_type=\"widget\" data-e-type=\"widget\" id=\"cookies\" data-widget_type=\"heading.default\">\n\t\t\t\t<div class=\"elementor-widget-container\">\n\t\t\t\t\t<h2 class=\"elementor-heading-title elementor-size-default\">\u00das de Cookies<\/h2>\t\t\t\t<\/div>\n\t\t\t\t<\/div>\n\t\t\t\t<div class=\"elementor-element elementor-element-c0184db elementor-widget elementor-widget-text-editor\" data-id=\"c0184db\" data-element_type=\"widget\" data-e-type=\"widget\" data-widget_type=\"text-editor.default\">\n\t\t\t\t<div class=\"elementor-widget-container\">\n\t\t\t\t\t\t\t\t\t<p>Les cookies s\u00f3n breus informacions que s'envien i emmagatzemen en el disc dur de l'ordinador de l'usuari a trav\u00e9s del seu navegador quan aquest es connecta a una web. Les cookies es poden utilitzar per recaptar i emmagatzemar dades de l'usuari mentre est\u00e0 connectat per facilitar-li els serveis sol\u00b7licitats i que no se solen conservar (cookies de sessi\u00f3), o per conservar les dades de l'usuari per a un altre tipus de serveis futurs i que es poden conservar per temps indefinit (cookies persistents). Les cookies poden ser pr\u00f2pies o de tercers.<\/p><p>Existeixen diversos tipus de cookies:<\/p><p class=\"translation-block\"><strong>Cookies t\u00e8cniques <\/strong> que faciliten la navegaci\u00f3 de l'usuari i la utilitzaci\u00f3 de les diferents opcions o serveis que ofereix la web com identificar la sessi\u00f3, permetre l'acc\u00e9s a determinades \u00e0rees, facilitar comandes, compres, emplenament de formularis, inscripcions, seguretat, facilitar funcionalitats (v\u00eddeos, xarxes socials, etc.).<\/p><p class=\"translation-block\"><strong>Cookies de personalizaci\u00f3n <\/strong>que permiten al usuario acceder a los servicios seg\u00fan sus preferencias (idioma, navegador, configuraci\u00f3n, etc.).<\/p><p class=\"translation-block\"><strong>Cookies d'an\u00e0lisi<\/strong> que permeten l'an\u00e0lisi an\u00f2nima del comportament dels usuaris de la web i que permeten mesurar l'activitat de l'usuari i elaborar perfils de navegaci\u00f3 amb el fi objectiu de millorar els llocs web.<\/p><p class=\"translation-block\"><strong>Cookies publicit\u00e0ries <\/strong> que permeten la gesti\u00f3 dels espais publicitaris de la web.<\/p><p class=\"translation-block\"><strong>Cookies de publicitat personalitzada<\/strong> que permeten la gesti\u00f3 dels espais publicitaris de la web sobre la base del comportament i els h\u00e0bits de navegaci\u00f3 de l'usuari, d'on s'obt\u00e9 el seu perfil i aquest fet permet personalitzar la publicitat que es mostra en el navegador de l'usuari.<\/p><p>RUA PAPEL  \u00fanicament utilitza cookies t\u00e8cniques, de personalitzaci\u00f3 i an\u00e0lisi, pr\u00f2pies i de tercers, que en cap cas tracten dades de car\u00e0cter personal ni capten h\u00e0bits de navegaci\u00f3 per a finalitats publicit\u00e0ries.\nDe totes maneres, l\u2019informem que pot activar o desactivar aquestes cookies seguint les instruccions del seu navegador d'Internet.<\/p>\t\t\t\t\t\t\t\t<\/div>\n\t\t\t\t<\/div>\n\t\t\t\t<div class=\"elementor-element elementor-element-0609b2d elementor-widget elementor-widget-heading\" data-id=\"0609b2d\" data-element_type=\"widget\" data-e-type=\"widget\" data-widget_type=\"heading.default\">\n\t\t\t\t<div class=\"elementor-widget-container\">\n\t\t\t\t\t<h2 class=\"elementor-heading-title elementor-size-default\">Legislaci\u00f3 aplicable<\/h2>\t\t\t\t<\/div>\n\t\t\t\t<\/div>\n\t\t\t\t<div class=\"elementor-element elementor-element-41eee0e3 elementor-widget elementor-widget-text-editor\" data-id=\"41eee0e3\" data-element_type=\"widget\" data-e-type=\"widget\" data-widget_type=\"text-editor.default\">\n\t\t\t\t<div class=\"elementor-widget-container\">\n\t\t\t\t\t\t\t\t\t<p>Les Condicions Generals d'\u00das i la resta de condicions legals del lloc web es regeixen en tots i cadascun dels seus extrems per la llei espanyola.<\/p>\t\t\t\t\t\t\t\t<\/div>\n\t\t\t\t<\/div>\n\t\t\t\t\t<\/div>\n\t\t<\/div>\n\t\t\t\t\t<\/div>\n\t\t<\/section>\n\t\t\t\t<\/div>","protected":false},"excerpt":{"rendered":"<p>Aviso legal Aviso e Informaci\u00f3n Legal y su aceptaci\u00f3n RUA PAPEL GESTION S.L., con domicilio en ctra. N-II Km. 592.2, 08740 Sant Andreu de la Barca ( BARCELONA), tel\u00e9fon 936828007, provisto de N.I.F. B60618709 inscrita en el Registro Mercantil de Barcelona, tomo 27.364, folio \u00a0131, Hoja B, inscripci\u00f3n 10\u00aa \u00a0(En adelante \u00abRUA PAPEL\u00bb). El presente [&hellip;]<\/p>\n","protected":false},"author":1,"featured_media":0,"parent":0,"menu_order":0,"comment_status":"closed","ping_status":"closed","template":"elementor_header_footer","meta":{"footnotes":""},"class_list":["post-1175","page","type-page","status-publish","hentry"],"_links":{"self":[{"href":"https:\/\/ruapapel.com\/ca\/wp-json\/wp\/v2\/pages\/1175","targetHints":{"allow":["GET"]}}],"collection":[{"href":"https:\/\/ruapapel.com\/ca\/wp-json\/wp\/v2\/pages"}],"about":[{"href":"https:\/\/ruapapel.com\/ca\/wp-json\/wp\/v2\/types\/page"}],"author":[{"embeddable":true,"href":"https:\/\/ruapapel.com\/ca\/wp-json\/wp\/v2\/users\/1"}],"replies":[{"embeddable":true,"href":"https:\/\/ruapapel.com\/ca\/wp-json\/wp\/v2\/comments?post=1175"}],"version-history":[{"count":37,"href":"https:\/\/ruapapel.com\/ca\/wp-json\/wp\/v2\/pages\/1175\/revisions"}],"predecessor-version":[{"id":1215,"href":"https:\/\/ruapapel.com\/ca\/wp-json\/wp\/v2\/pages\/1175\/revisions\/1215"}],"wp:attachment":[{"href":"https:\/\/ruapapel.com\/ca\/wp-json\/wp\/v2\/media?parent=1175"}],"curies":[{"name":"wp","href":"https:\/\/api.w.org\/{rel}","templated":true}]}}